{"id":2,"date":"2025-04-21T11:45:56","date_gmt":"2025-04-21T11:45:56","guid":{"rendered":"https:\/\/ubertivi.com\/?page_id=2"},"modified":"2026-04-13T10:59:35","modified_gmt":"2026-04-13T10:59:35","slug":"sample-page","status":"publish","type":"page","link":"https:\/\/ubertivi.com\/?page_id=2","title":{"rendered":"Uygulamalar"},"content":{"rendered":"\n<h3 class=\"wp-block-heading has-text-align-left\">Android Uygulamalar<\/h3>\n\n\n\n<div class=\"wp-block-buttons is-layout-flex wp-block-buttons-is-layout-flex\">\n<div class=\"wp-block-button is-style-fill\"><a class=\"wp-block-button__link wp-element-button\" href=\"https:\/\/www.iptvsmarters.com\/iptv-smarters-5.0.apk\">1 &#8211; Iptv Smarters Pro    <\/a><\/div>\n<\/div>\n\n\n\n<div class=\"wp-block-buttons is-layout-flex wp-block-buttons-is-layout-flex\">\n<div class=\"wp-block-button is-style-fill\"><a class=\"wp-block-button__link wp-element-button\" href=\"https:\/\/play.google.com\/store\/search?q=000player&amp;c=apps\" target=\"_blank\" rel=\"noreferrer noopener\">2 &#8211; 000Player<\/a><\/div>\n<\/div>\n\n\n\n<div class=\"wp-block-buttons is-layout-flex wp-block-buttons-is-layout-flex\">\n<div class=\"wp-block-button\"><a class=\"wp-block-button__link wp-element-button\" href=\"https:\/\/play.google.com\/store\/apps\/details?id=ru.iptvremote.android.iptv.pro\" target=\"_blank\" rel=\"noreferrer noopener\">3 &#8211; Iptv Player<\/a><\/div>\n<\/div>\n\n\n\n<div class=\"wp-block-buttons is-layout-flex wp-block-buttons-is-layout-flex\">\n<div class=\"wp-block-button\"><a class=\"wp-block-button__link wp-element-button\" href=\"https:\/\/tinyurl.com\/timsahplay\" target=\"_blank\" rel=\"noreferrer noopener\">4 &#8211; Timsah Play<\/a><\/div>\n<\/div>\n\n\n\n<div class=\"wp-block-buttons is-layout-flex wp-block-buttons-is-layout-flex\">\n<div class=\"wp-block-button\"><a class=\"wp-block-button__link wp-element-button\" href=\"https:\/\/play.google.com\/store\/search?q=rex%20play%20pro&amp;c=apps\" target=\"_blank\" rel=\"noreferrer noopener\">5 &#8211; Rex Play Pro<\/a><\/div>\n<\/div>\n\n\n\n<details class=\"wp-block-details is-layout-flow wp-block-details-is-layout-flow\"><summary><strong>Kurulum Bilgisi:<\/strong><\/summary>\n<p><strong>Iptv Smarters Pro uygulamas\u0131n\u0131 a\u00e7\u0131nca &#8220;Xtreme Codes&#8221; sekmesine girip kurulum yapabilirsiniz.<\/strong><\/p>\n\n\n\n<p><strong>000Player i\u00e7in URL yerine &#8220;Code&#8221; yazman\u0131z gerekiyor, Whatsapp hatt\u0131m\u0131zdan \u00f6\u011frenebilirsiniz.<\/strong><\/p>\n\n\n\n<p><strong>Iptv Player&#8217;\u0131 a\u00e7\u0131nca sa\u011f \u00fcstteki + butonuna t\u0131klay\u0131p &#8220;Xtream kodu giri\u015f&#8221; k\u0131sm\u0131ndan kurulum yapabilirsiniz.<\/strong><\/p>\n\n\n\n<p><strong>Timsah Play de URL yazman\u0131za gerek yoktur, kullan\u0131c\u0131 ad\u0131 ve \u015fifreniz ile giri\u015f yapabilirsiniz.<\/strong><\/p>\n<\/details>\n\n\n\n<h3 class=\"wp-block-heading\">Ios Uygulamalar<\/h3>\n\n\n\n<div class=\"wp-block-buttons is-layout-flex wp-block-buttons-is-layout-flex\">\n<div class=\"wp-block-button\"><a class=\"wp-block-button__link wp-element-button\" href=\"https:\/\/apps.apple.com\/in\/app\/smarters-player-lite\/id1628995509\" target=\"_blank\" rel=\"noreferrer noopener\">1 &#8211; Smarters Player Lite<\/a><\/div>\n<\/div>\n\n\n\n<div class=\"wp-block-buttons is-layout-flex wp-block-buttons-is-layout-flex\">\n<div class=\"wp-block-button\"><a class=\"wp-block-button__link wp-element-button\" href=\"https:\/\/apps.apple.com\/in\/app\/iptv-stream-player\/id6479939671\" target=\"_blank\" rel=\"noreferrer noopener\">2 &#8211; Iptv Stream Player<\/a><\/div>\n<\/div>\n\n\n\n<details class=\"wp-block-details is-layout-flow wp-block-details-is-layout-flow\"><summary><strong>Kurulum Bilgisi:<\/strong><\/summary>\n<p><strong>2<\/strong> <strong>uygulamada da kullan\u0131c\u0131 ad\u0131, \u015fifre ve URL girilerek kurulum yapabilirsiniz.<\/strong><\/p>\n<\/details>\n\n\n\n<h3 class=\"wp-block-heading\">Windows Uygulamalar<\/h3>\n\n\n\n<div class=\"wp-block-buttons is-layout-flex wp-block-buttons-is-layout-flex\">\n<div class=\"wp-block-button\"><a class=\"wp-block-button__link wp-element-button\" href=\"https:\/\/iptv-stream-player.en.uptodown.com\/windows\" target=\"_blank\" rel=\"noreferrer noopener\">1 &#8211; Iptv Stream Player<\/a><\/div>\n<\/div>\n\n\n\n<div class=\"wp-block-buttons is-layout-flex wp-block-buttons-is-layout-flex\">\n<div class=\"wp-block-button\"><a class=\"wp-block-button__link wp-element-button\" href=\"https:\/\/filecr.com\/windows\/velocity-apps-tvmate-iptv-player\/\" target=\"_blank\" rel=\"noreferrer noopener\">2 &#8211; TVMate Iptv Player<\/a><\/div>\n<\/div>\n\n\n\n<details class=\"wp-block-details is-layout-flow wp-block-details-is-layout-flow\"><summary><strong>Kurulum Bilgisi:<\/strong><\/summary>\n<p><strong>TVMate Iptv Player uygulamas\u0131n\u0131 a\u00e7\u0131nca &#8220;Profil Ekle&#8221; butonuna t\u0131klay\u0131p &#8220;Xtream Codes&#8221; k\u0131sm\u0131n\u0131 se\u00e7ip kurulum yapabilirsiniz.<\/strong><\/p>\n<\/details>\n\n\n\n<p>Uygulamalar\u0131n geneli kullan\u0131c\u0131 ad\u0131, \u015fifre ve URL adresi \u015feklindedir, kurulumda herhangi bir sorun ya\u015fad\u0131\u011f\u0131n\u0131zda bize ula\u015fabilirsiniz.<\/p>\n\n\n\n<p>Smart TV, Android TV, Iptv Box veya Apple TV kurulum ve kullan\u0131m i\u00e7in m\u00fc\u015fteri hatt\u0131m\u0131zdan destek alabilirsiniz, arkada\u015flar\u0131m\u0131z en k\u0131sa s\u00fcrede yard\u0131mc\u0131 olacakt\u0131r.<\/p>\n\n\n\n<p>000Player kurulumunda Android ve Ios cihazlar i\u00e7in URL yerine ge\u00e7en &#8220;Code&#8221;lar vard\u0131r, m\u00fc\u015fteri hatt\u0131m\u0131zdan \u00f6\u011frenebilirsiniz.<\/p>\n\n\n\n<p><\/p>\n","protected":false},"excerpt":{"rendered":"<p>Android Uygulamalar Ios Uygulamalar Windows Uygulamalar Uygulamalar\u0131n geneli kullan\u0131c\u0131 ad\u0131, \u015fifre ve URL adresi \u015feklindedir, kurulumda herhangi bir sorun ya\u015fad\u0131\u011f\u0131n\u0131zda [&hellip;]<\/p>\n","protected":false},"author":1,"featured_media":0,"parent":0,"menu_order":0,"comment_status":"closed","ping_status":"open","template":"","meta":{"site-sidebar-layout":"default","site-content-layout":"","ast-site-content-layout":"","site-content-style":"default","site-sidebar-style":"default","ast-global-header-display":"","ast-banner-title-visibility":"","ast-main-header-display":"","ast-hfb-above-header-display":"","ast-hfb-below-header-display":"","ast-hfb-mobile-header-display":"","site-post-title":"disabled","ast-breadcrumbs-content":"","ast-featured-img":"","footer-sml-layout":"","ast-disable-related-posts":"","theme-transparent-header-meta":"","adv-header-id-meta":"","stick-header-meta":"","header-above-stick-meta":"","header-main-stick-meta":"","header-below-stick-meta":"","astra-migrate-meta-layouts":"default","ast-page-background-enabled":"default","ast-page-background-meta":{"desktop":{"background-color":"var(--ast-global-color-5)","background-image":"","background-repeat":"repeat","background-position":"center center","background-size":"auto","background-attachment":"scroll","background-type":"","background-media":"","overlay-type":"","overlay-color":"","overlay-opacity":"","overlay-gradient":""},"tablet":{"background-color":"","background-image":"","background-repeat":"repeat","background-position":"center center","background-size":"auto","background-attachment":"scroll","background-type":"","background-media":"","overlay-type":"","overlay-color":"","overlay-opacity":"","overlay-gradient":""},"mobile":{"background-color":"","background-image":"","background-repeat":"repeat","background-position":"center center","background-size":"auto","background-attachment":"scroll","background-type":"","background-media":"","overlay-type":"","overlay-color":"","overlay-opacity":"","overlay-gradient":""}},"ast-content-background-meta":{"desktop":{"background-color":"var(--ast-global-color-4)","background-image":"","background-repeat":"repeat","background-position":"center center","background-size":"auto","background-attachment":"scroll","background-type":"","background-media":"","overlay-type":"","overlay-color":"","overlay-opacity":"","overlay-gradient":""},"tablet":{"background-color":"var(--ast-global-color-4)","background-image":"","background-repeat":"repeat","background-position":"center center","background-size":"auto","background-attachment":"scroll","background-type":"","background-media":"","overlay-type":"","overlay-color":"","overlay-opacity":"","overlay-gradient":""},"mobile":{"background-color":"var(--ast-global-color-4)","background-image":"","background-repeat":"repeat","background-position":"center center","background-size":"auto","background-attachment":"scroll","background-type":"","background-media":"","overlay-type":"","overlay-color":"","overlay-opacity":"","overlay-gradient":""}},"footnotes":""},"class_list":["post-2","page","type-page","status-publish","hentry"],"brizy_media":[],"_links":{"self":[{"href":"https:\/\/ubertivi.com\/index.php?rest_route=\/wp\/v2\/pages\/2","targetHints":{"allow":["GET"]}}],"collection":[{"href":"https:\/\/ubertivi.com\/index.php?rest_route=\/wp\/v2\/pages"}],"about":[{"href":"https:\/\/ubertivi.com\/index.php?rest_route=\/wp\/v2\/types\/page"}],"author":[{"embeddable":true,"href":"https:\/\/ubertivi.com\/index.php?rest_route=\/wp\/v2\/users\/1"}],"replies":[{"embeddable":true,"href":"https:\/\/ubertivi.com\/index.php?rest_route=%2Fwp%2Fv2%2Fcomments&post=2"}],"version-history":[{"count":5,"href":"https:\/\/ubertivi.com\/index.php?rest_route=\/wp\/v2\/pages\/2\/revisions"}],"predecessor-version":[{"id":346,"href":"https:\/\/ubertivi.com\/index.php?rest_route=\/wp\/v2\/pages\/2\/revisions\/346"}],"wp:attachment":[{"href":"https:\/\/ubertivi.com\/index.php?rest_route=%2Fwp%2Fv2%2Fmedia&parent=2"}],"curies":[{"name":"wp","href":"https:\/\/api.w.org\/{rel}","templated":true}]}}